{"id":171,"date":"2022-07-21T09:56:23","date_gmt":"2022-07-21T07:56:23","guid":{"rendered":"https:\/\/schickh.at\/2022\/?page_id=171"},"modified":"2026-03-27T16:00:27","modified_gmt":"2026-03-27T15:00:27","slug":"reservierung-danke","status":"publish","type":"page","link":"https:\/\/schickh.at\/en\/reservierung-danke\/","title":{"rendered":"Herzlichen Dank!"},"content":{"rendered":"<p><strong>Wir haben Ihre Reservierung erhalten und werden diese so sch\u00f6n wie m\u00f6glich bearbeiten!\u00a0<\/strong><\/p>\n<p>Wir freuen uns Sie bald bei uns begr\u00fc\u00dfen zu d\u00fcrfen,<\/p>\n<p>Ihre Familie Schickh<\/p>","protected":false},"excerpt":{"rendered":"<p>Wir haben Ihre Reservierung erhalten und werden diese so sch\u00f6n wie m\u00f6glich bearbeiten!\u00a0 Wir freuen uns Sie bald bei uns begr\u00fc\u00dfen zu d\u00fcrfen, Ihre Familie Schickh<\/p>","protected":false},"author":1,"featured_media":0,"parent":0,"menu_order":0,"comment_status":"closed","ping_status":"closed","template":"","meta":{"site-sidebar-layout":"default","site-content-layout":"default","ast-site-content-layout":"default","site-content-style":"default","site-sidebar-style":"default","ast-global-header-display":"","ast-banner-title-visibility":"","ast-main-header-display":"","ast-hfb-above-header-display":"","ast-hfb-below-header-display":"","ast-hfb-mobile-header-display":"","site-post-title":"","ast-breadcrumbs-content":"","ast-featured-img":"","footer-sml-layout":"","theme-transparent-header-meta":"default","adv-header-id-meta":"","stick-header-meta":"","header-above-stick-meta":"","header-main-stick-meta":"","header-below-stick-meta":"","astra-migrate-meta-layouts":"set","ast-page-background-enabled":"default","ast-page-background-meta":{"desktop":{"background-color":"var(--ast-global-color-4)","background-image":"","background-repeat":"repeat","background-position":"center center","background-size":"auto","background-attachment":"scroll","background-type":"","background-media":"","overlay-type":"","overlay-color":"","overlay-gradient":""},"tablet":{"background-color":"","background-image":"","background-repeat":"repeat","background-position":"center center","background-size":"auto","background-attachment":"scroll","background-type":"","background-media":"","overlay-type":"","overlay-color":"","overlay-gradient":""},"mobile":{"background-color":"","background-image":"","background-repeat":"repeat","background-position":"center center","background-size":"auto","background-attachment":"scroll","background-type":"","background-media":"","overlay-type":"","overlay-color":"","overlay-gradient":""}},"ast-content-background-meta":{"desktop":{"background-color":"var(--ast-global-color-5)","background-image":"","background-repeat":"repeat","background-position":"center center","background-size":"auto","background-attachment":"scroll","background-type":"","background-media":"","overlay-type":"","overlay-color":"","overlay-gradient":""},"tablet":{"background-color":"var(--ast-global-color-5)","background-image":"","background-repeat":"repeat","background-position":"center center","background-size":"auto","background-attachment":"scroll","background-type":"","background-media":"","overlay-type":"","overlay-color":"","overlay-gradient":""},"mobile":{"background-color":"var(--ast-global-color-5)","background-image":"","background-repeat":"repeat","background-position":"center center","background-size":"auto","background-attachment":"scroll","background-type":"","background-media":"","overlay-type":"","overlay-color":"","overlay-gradient":""}},"footnotes":""},"class_list":["post-171","page","type-page","status-publish","hentry"],"_links":{"self":[{"href":"https:\/\/schickh.at\/en\/wp-json\/wp\/v2\/pages\/171","targetHints":{"allow":["GET"]}}],"collection":[{"href":"https:\/\/schickh.at\/en\/wp-json\/wp\/v2\/pages"}],"about":[{"href":"https:\/\/schickh.at\/en\/wp-json\/wp\/v2\/types\/page"}],"author":[{"embeddable":true,"href":"https:\/\/schickh.at\/en\/wp-json\/wp\/v2\/users\/1"}],"replies":[{"embeddable":true,"href":"https:\/\/schickh.at\/en\/wp-json\/wp\/v2\/comments?post=171"}],"version-history":[{"count":2,"href":"https:\/\/schickh.at\/en\/wp-json\/wp\/v2\/pages\/171\/revisions"}],"predecessor-version":[{"id":1157,"href":"https:\/\/schickh.at\/en\/wp-json\/wp\/v2\/pages\/171\/revisions\/1157"}],"wp:attachment":[{"href":"https:\/\/schickh.at\/en\/wp-json\/wp\/v2\/media?parent=171"}],"curies":[{"name":"wp","href":"https:\/\/api.w.org\/{rel}","templated":true}]}}